{"id":30076,"date":"2024-10-15T14:51:49","date_gmt":"2024-10-15T14:51:49","guid":{"rendered":"https:\/\/onlinehardwareshop.de\/index.php\/produkt\/bluebuilt-mobiler-tv-stnder-32-70zoll\/"},"modified":"2025-05-14T13:55:31","modified_gmt":"2025-05-14T13:55:31","slug":"bluebuilt-mobiler-tv-stnder-32-70zoll","status":"publish","type":"product","link":"https:\/\/onlinehardwareshop.de\/index.php\/produkt\/bluebuilt-mobiler-tv-stnder-32-70zoll\/","title":{"rendered":"BlueBuilt Mobiler TV-St&#xE4;nder 32-70&#xA0;Zoll"},"content":{"rendered":"<p>Mit dem BlueBuilt Mobilen TV-St\u00e4nder 32-70\u00a0Zoll siehst du \u00fcberall fern. Dank der Rollen an der Unterseite des TV-St\u00e4nders schiebst du ihn einfach an den gew\u00fcnschten Ort. Das ist zum Beispiel praktisch, wenn du oft mit einer gro\u00dfen Gruppe fernsiehst. Mit diesem St\u00e4nder h\u00e4ngt der Bildschirm in circa 1,5\u00a0m H\u00f6he. Mit der neigbaren Halterung richtest du den Fernseher auf deinen Sitzplatz aus. Das sorgt f\u00fcr ein gutes Sichtfeld und eine gute Bildqualit\u00e4t. Das System wurde in Zusammenarbeit mit unseren Monteuren entwickelt. Du installierst den TV-St\u00e4nder deshalb schnell und einfach.<\/p>\n","protected":false},"excerpt":{"rendered":"<p>Mit dem BlueBuilt Mobilen TV-St\u00e4nder 32-70\u00a0Zoll siehst du \u00fcberall fern. Dank der Rollen an der Unterseite des TV-St\u00e4nders schiebst du ihn einfach an den gew\u00fcnschten Ort. Das ist zum Beispiel praktisch, wenn du oft mit einer gro\u00dfen Gruppe fernsiehst. Mit diesem St\u00e4nder h\u00e4ngt der Bildschirm in circa 1,5\u00a0m H\u00f6he. Mit der neigbaren Halterung richtest du den Fernseher auf deinen Sitzplatz aus. Das sorgt f\u00fcr ein gutes Sichtfeld und eine gute Bildqualit\u00e4t. Das System wurde in Zusammenarbeit mit unseren Monteuren entwickelt. Du installierst den TV-St\u00e4nder deshalb schnell und einfach.<\/p>\n","protected":false},"featured_media":0,"comment_status":"closed","ping_status":"open","template":"","meta":{"_acf_changed":false},"brand":[5893],"product_brand":[],"product_cat":[6935],"product_tag":[6936],"class_list":{"0":"post-30076","1":"product","2":"type-product","3":"status-publish","5":"brand-bluebuilt","6":"product_cat-fernseherstnder","7":"product_tag-televisie-standaards","8":"pa_condition-new","9":"pa_coolblue-de-verzending-morgen-gratis-geliefert","10":"pa_ean-28117","11":"pa_mpn-bbmts24","13":"first","14":"instock","15":"product-type-external"},"acf":[],"_links":{"self":[{"href":"https:\/\/onlinehardwareshop.de\/index.php\/wp-json\/wp\/v2\/product\/30076","targetHints":{"allow":["GET"]}}],"collection":[{"href":"https:\/\/onlinehardwareshop.de\/index.php\/wp-json\/wp\/v2\/product"}],"about":[{"href":"https:\/\/onlinehardwareshop.de\/index.php\/wp-json\/wp\/v2\/types\/product"}],"replies":[{"embeddable":true,"href":"https:\/\/onlinehardwareshop.de\/index.php\/wp-json\/wp\/v2\/comments?post=30076"}],"wp:attachment":[{"href":"https:\/\/onlinehardwareshop.de\/index.php\/wp-json\/wp\/v2\/media?parent=30076"}],"wp:term":[{"taxonomy":"brand","embeddable":true,"href":"https:\/\/onlinehardwareshop.de\/index.php\/wp-json\/wp\/v2\/brand?post=30076"},{"taxonomy":"product_brand","embeddable":true,"href":"https:\/\/onlinehardwareshop.de\/index.php\/wp-json\/wp\/v2\/product_brand?post=30076"},{"taxonomy":"product_cat","embeddable":true,"href":"https:\/\/onlinehardwareshop.de\/index.php\/wp-json\/wp\/v2\/product_cat?post=30076"},{"taxonomy":"product_tag","embeddable":true,"href":"https:\/\/onlinehardwareshop.de\/index.php\/wp-json\/wp\/v2\/product_tag?post=30076"}],"curies":[{"name":"wp","href":"https:\/\/api.w.org\/{rel}","templated":true}]}}