{"id":26215,"date":"2024-07-28T03:32:47","date_gmt":"2024-07-28T03:32:47","guid":{"rendered":"https:\/\/onlinehardwareshop.de\/index.php\/produkt\/apple-macbook-pro-14-m4-10-core-cpu-10-core-gpu-24gb-512gb-qwertz-space-schwarz\/"},"modified":"2025-05-14T16:21:47","modified_gmt":"2025-05-14T16:21:47","slug":"apple-macbook-pro-14-m4-10-core-cpu-10-core-gpu-24gb-512gb-qwertz-space-schwarz","status":"publish","type":"product","link":"https:\/\/onlinehardwareshop.de\/index.php\/produkt\/apple-macbook-pro-14-m4-10-core-cpu-10-core-gpu-24gb-512gb-qwertz-space-schwarz\/","title":{"rendered":"Apple MacBook Pro 14&#34; M4 (10 Core CPU\/10 Core GPU) 24GB\/512GB QWERTZ Space Schwarz"},"content":{"rendered":"<p>Mit dem Apple MacBook Pro 14 Zoll M4 (10 Core CPU\/10 Core GPU) 24GB \/ 512GB Space Schwarz bearbeitest du problemlos Fotos und Videos in Programmen wie Adobe Photoshop und iMovie. Der leistungsstarke Apple M4 Chip, 24 Gigabyte Arbeitsspeicher und die 16 Core NPU machen das m\u00f6glich. Auf dem 1600 Nits leuchtstarken Liquid Retina XDR Display arbeitest du pr\u00e4zise und erkennst jedes Detail. Selbst in hellen R\u00e4umen genie\u00dft du realistische Farben. Brauchst du mehr Bildschirmfl\u00e4che? Dann schlie\u00dft du ganz einfach 2 zus\u00e4tzliche hochaufl\u00f6sende Monitore an. Dieses MacBook verf\u00fcgt \u00fcber 6 USB-C Anschl\u00fcsse, von denen 3 mit Thunderbolt 5 ausgestattet sind. Damit \u00fcbertr\u00e4gst du Daten noch schneller und verbindest mehr Peripherieger\u00e4te \u00fcber Dockingstationen. Du arbeitest den ganzen Tag an deinen Projekten, denn mit einer vollen Akkuladung h\u00e4lt das MacBook Pro bis zu 24 Stunden. Und dank der Mittelpunkt Technologie bleibst du bei Videogespr\u00e4chen immer im Fokus, auch wenn du dich im Raum bewegst.  Ratschlag unseres Apple Spezialisten Im Internet surfen, E-Mails schreiben &#038; Textverarbeitung: geeignet Filme &#038; Serien schauen: geeignet Fotos bearbeiten: geeignet Videos bearbeiten: geeignet 3D Designs erstellen und rendern: m\u00f6glich, aber schneller mit M4 Max Apps in Xcode entwickeln: ungeeignet, mindestens M4 Max und 36 Gigabyte Arbeitsspeicher erforderlich Gaming: m\u00f6glich, aber vor allem leichte Spiele. Alle Spiele von Apple Arcade sind jedoch geeignet<\/p>\n","protected":false},"excerpt":{"rendered":"<p>Mit dem Apple MacBook Pro 14 Zoll M4 (10 Core CPU\/10 Core GPU) 24GB \/ 512GB Space Schwarz bearbeitest du problemlos Fotos und Videos in Programmen wie Adobe Photoshop und iMovie. Der leistungsstarke Apple M4 Chip, 24 Gigabyte Arbeitsspeicher und die 16 Core NPU machen das m\u00f6glich. Auf dem 1600 Nits leuchtstarken Liquid Retina XDR Display arbeitest du pr\u00e4zise und erkennst jedes Detail. Selbst in hellen R\u00e4umen genie\u00dft du realistische Farben. Brauchst du mehr Bildschirmfl\u00e4che? Dann schlie\u00dft du ganz einfach 2 zus\u00e4tzliche hochaufl\u00f6sende Monitore an. Dieses MacBook verf\u00fcgt \u00fcber 6 USB-C Anschl\u00fcsse, von denen 3 mit Thunderbolt 5 ausgestattet sind. Damit \u00fcbertr\u00e4gst du Daten noch schneller und verbindest mehr Peripherieger\u00e4te \u00fcber Dockingstationen. Du arbeitest den ganzen Tag an deinen Projekten, denn mit einer vollen Akkuladung h\u00e4lt das MacBook Pro bis zu 24 Stunden. Und dank der Mittelpunkt Technologie bleibst du bei Videogespr\u00e4chen immer im Fokus, auch wenn du dich im Raum bewegst.  Ratschlag unseres Apple Spezialisten Im Internet surfen, E-Mails schreiben &#038; Textverarbeitung: geeignet Filme &#038; Serien schauen: geeignet Fotos bearbeiten: geeignet Videos bearbeiten: geeignet 3D Designs erstellen und rendern: m\u00f6glich, aber schneller mit M4 Max Apps in Xcode entwickeln: ungeeignet, mindestens M4 Max und 36 Gigabyte Arbeitsspeicher erforderlich Gaming: m\u00f6glich, aber vor allem leichte Spiele. Alle Spiele von Apple Arcade sind jedoch geeignet<\/p>\n","protected":false},"featured_media":0,"comment_status":"closed","ping_status":"open","template":"","meta":{"_acf_changed":false},"brand":[148],"product_brand":[],"product_cat":[8884],"product_tag":[8885],"class_list":{"0":"post-26215","1":"product","2":"type-product","3":"status-publish","5":"brand-apple","6":"product_cat-laptops","7":"product_tag-macbooks-qwertz","8":"pa_condition-new","9":"pa_coolblue-de-verzending-morgen-gratis-geliefert","10":"pa_ean-25524","11":"pa_mpn-z1ds_940_de_cto","13":"first","14":"instock","15":"product-type-external"},"acf":[],"_links":{"self":[{"href":"https:\/\/onlinehardwareshop.de\/index.php\/wp-json\/wp\/v2\/product\/26215","targetHints":{"allow":["GET"]}}],"collection":[{"href":"https:\/\/onlinehardwareshop.de\/index.php\/wp-json\/wp\/v2\/product"}],"about":[{"href":"https:\/\/onlinehardwareshop.de\/index.php\/wp-json\/wp\/v2\/types\/product"}],"replies":[{"embeddable":true,"href":"https:\/\/onlinehardwareshop.de\/index.php\/wp-json\/wp\/v2\/comments?post=26215"}],"wp:attachment":[{"href":"https:\/\/onlinehardwareshop.de\/index.php\/wp-json\/wp\/v2\/media?parent=26215"}],"wp:term":[{"taxonomy":"brand","embeddable":true,"href":"https:\/\/onlinehardwareshop.de\/index.php\/wp-json\/wp\/v2\/brand?post=26215"},{"taxonomy":"product_brand","embeddable":true,"href":"https:\/\/onlinehardwareshop.de\/index.php\/wp-json\/wp\/v2\/product_brand?post=26215"},{"taxonomy":"product_cat","embeddable":true,"href":"https:\/\/onlinehardwareshop.de\/index.php\/wp-json\/wp\/v2\/product_cat?post=26215"},{"taxonomy":"product_tag","embeddable":true,"href":"https:\/\/onlinehardwareshop.de\/index.php\/wp-json\/wp\/v2\/product_tag?post=26215"}],"curies":[{"name":"wp","href":"https:\/\/api.w.org\/{rel}","templated":true}]}}