{"id":25262,"date":"2024-08-24T04:05:35","date_gmt":"2024-08-24T04:05:35","guid":{"rendered":"https:\/\/onlinehardwareshop.de\/index.php\/produkt\/jura-auswechselbarer-milchauslauf-cx3-10er-set\/"},"modified":"2025-05-14T15:36:21","modified_gmt":"2025-05-14T15:36:21","slug":"jura-auswechselbarer-milchauslauf-cx3-10er-set","status":"publish","type":"product","link":"https:\/\/onlinehardwareshop.de\/index.php\/produkt\/jura-auswechselbarer-milchauslauf-cx3-10er-set\/","title":{"rendered":"Jura Auswechselbarer Milchauslauf CX3 (10er-Set)"},"content":{"rendered":"<p>Ein Jura Auswechselbarer Milchauslauf C3 ist ein wichtiges Zubeh\u00f6r f\u00fcr deinen Jura Kaffeevollautomaten. Wenn dir Sauberkeit und Hygiene beim Kaffeegenuss wichtig ist, dann freust du dich \u00fcber dieses praktische Set. So hast du immer ein Ersatzteil parat, wenn du es brauchst. Ein Milchauslauf sollte ungef\u00e4hr alle zwei Monate ausgetauscht werden.<\/p>\n","protected":false},"excerpt":{"rendered":"<p>Ein Jura Auswechselbarer Milchauslauf C3 ist ein wichtiges Zubeh\u00f6r f\u00fcr deinen Jura Kaffeevollautomaten. Wenn dir Sauberkeit und Hygiene beim Kaffeegenuss wichtig ist, dann freust du dich \u00fcber dieses praktische Set. So hast du immer ein Ersatzteil parat, wenn du es brauchst. Ein Milchauslauf sollte ungef\u00e4hr alle zwei Monate ausgetauscht werden.<\/p>\n","protected":false},"featured_media":0,"comment_status":"closed","ping_status":"open","template":"","meta":{"_acf_changed":false},"brand":[608],"product_brand":[],"product_cat":[10856],"product_tag":[10857],"class_list":{"0":"post-25262","1":"product","2":"type-product","3":"status-publish","5":"brand-jura","6":"product_cat-milchreiniger","7":"product_tag-melkreiniger","8":"pa_condition-new","9":"pa_coolblue-de-verzending-morgen-gratis-geliefert","10":"pa_ean-24712","11":"pa_mpn-24713","13":"first","14":"instock","15":"product-type-external"},"acf":[],"_links":{"self":[{"href":"https:\/\/onlinehardwareshop.de\/index.php\/wp-json\/wp\/v2\/product\/25262","targetHints":{"allow":["GET"]}}],"collection":[{"href":"https:\/\/onlinehardwareshop.de\/index.php\/wp-json\/wp\/v2\/product"}],"about":[{"href":"https:\/\/onlinehardwareshop.de\/index.php\/wp-json\/wp\/v2\/types\/product"}],"replies":[{"embeddable":true,"href":"https:\/\/onlinehardwareshop.de\/index.php\/wp-json\/wp\/v2\/comments?post=25262"}],"wp:attachment":[{"href":"https:\/\/onlinehardwareshop.de\/index.php\/wp-json\/wp\/v2\/media?parent=25262"}],"wp:term":[{"taxonomy":"brand","embeddable":true,"href":"https:\/\/onlinehardwareshop.de\/index.php\/wp-json\/wp\/v2\/brand?post=25262"},{"taxonomy":"product_brand","embeddable":true,"href":"https:\/\/onlinehardwareshop.de\/index.php\/wp-json\/wp\/v2\/product_brand?post=25262"},{"taxonomy":"product_cat","embeddable":true,"href":"https:\/\/onlinehardwareshop.de\/index.php\/wp-json\/wp\/v2\/product_cat?post=25262"},{"taxonomy":"product_tag","embeddable":true,"href":"https:\/\/onlinehardwareshop.de\/index.php\/wp-json\/wp\/v2\/product_tag?post=25262"}],"curies":[{"name":"wp","href":"https:\/\/api.w.org\/{rel}","templated":true}]}}