{"id":24739,"date":"2024-09-11T04:15:06","date_gmt":"2024-09-11T04:15:06","guid":{"rendered":"https:\/\/onlinehardwareshop.de\/index.php\/produkt\/pocketbook-verse-bright-blue\/"},"modified":"2025-05-14T15:06:10","modified_gmt":"2025-05-14T15:06:10","slug":"pocketbook-verse-bright-blue","status":"publish","type":"product","link":"https:\/\/onlinehardwareshop.de\/index.php\/produkt\/pocketbook-verse-bright-blue\/","title":{"rendered":"PocketBook Verse Bright Blue"},"content":{"rendered":"<p>Auf dem PocketBook Verse Bright Blue liest du ganz bequem B\u00fccher. Der kompakte und leichte eBook-Reader l\u00e4sst sich problemlos unterwegs mitnehmen. Das ist zum Beispiel praktisch, wenn du mit dem Zug reist. Mit SMARTlight stellst du die Helligkeit und die Farbtemperatur des Displays wunschgem\u00e4\u00df ein, sodass du auch drau\u00dfen und abends gut lesen kannst. Der eBook-Reader l\u00e4sst sich \u00fcber den Touchscreen oder die vier Tasten bedienen. Liest du viele B\u00fccher in anderen Sprachen? Das integrierte W\u00f6rterbuch hilft dir bei unbekannten Ausdr\u00fccken. Dieser eBook-Reader spielt keine Audiodateien ab. Wenn du dir gerne H\u00f6rspiele anh\u00f6rst, solltest du dich f\u00fcr den Verse Pro entscheiden. Zudem ist dieser eBook-Reader nicht wasserbest\u00e4ndig. Hole dir den Verse Pro, um deine Lieblingsb\u00fccher bedenkenlos in der Badewanne oder am Pool zu lesen. Im Lieferumfang ist kein Ladeger\u00e4t enthalten. Bestelle dir separat eins dazu, um deinen eBook-Reader direkt aufzuladen.<\/p>\n","protected":false},"excerpt":{"rendered":"<p>Auf dem PocketBook Verse Bright Blue liest du ganz bequem B\u00fccher. Der kompakte und leichte eBook-Reader l\u00e4sst sich problemlos unterwegs mitnehmen. Das ist zum Beispiel praktisch, wenn du mit dem Zug reist. Mit SMARTlight stellst du die Helligkeit und die Farbtemperatur des Displays wunschgem\u00e4\u00df ein, sodass du auch drau\u00dfen und abends gut lesen kannst. Der eBook-Reader l\u00e4sst sich \u00fcber den Touchscreen oder die vier Tasten bedienen. Liest du viele B\u00fccher in anderen Sprachen? Das integrierte W\u00f6rterbuch hilft dir bei unbekannten Ausdr\u00fccken. Dieser eBook-Reader spielt keine Audiodateien ab. Wenn du dir gerne H\u00f6rspiele anh\u00f6rst, solltest du dich f\u00fcr den Verse Pro entscheiden. Zudem ist dieser eBook-Reader nicht wasserbest\u00e4ndig. Hole dir den Verse Pro, um deine Lieblingsb\u00fccher bedenkenlos in der Badewanne oder am Pool zu lesen. Im Lieferumfang ist kein Ladeger\u00e4t enthalten. Bestelle dir separat eins dazu, um deinen eBook-Reader direkt aufzuladen.<\/p>\n","protected":false},"featured_media":0,"comment_status":"closed","ping_status":"open","template":"","meta":{"_acf_changed":false},"brand":[8955],"product_brand":[],"product_cat":[8609],"product_tag":[8610],"class_list":{"0":"post-24739","1":"product","2":"type-product","3":"status-publish","5":"brand-pocketbook","6":"product_cat-ebook-reader","7":"product_tag-e-readers","8":"pa_condition-new","9":"pa_coolblue-de-verzending-morgen-gratis-geliefert","10":"pa_ean-24257","11":"pa_mpn-pb629-2-ww-b","13":"first","14":"instock","15":"product-type-external"},"acf":[],"_links":{"self":[{"href":"https:\/\/onlinehardwareshop.de\/index.php\/wp-json\/wp\/v2\/product\/24739","targetHints":{"allow":["GET"]}}],"collection":[{"href":"https:\/\/onlinehardwareshop.de\/index.php\/wp-json\/wp\/v2\/product"}],"about":[{"href":"https:\/\/onlinehardwareshop.de\/index.php\/wp-json\/wp\/v2\/types\/product"}],"replies":[{"embeddable":true,"href":"https:\/\/onlinehardwareshop.de\/index.php\/wp-json\/wp\/v2\/comments?post=24739"}],"wp:attachment":[{"href":"https:\/\/onlinehardwareshop.de\/index.php\/wp-json\/wp\/v2\/media?parent=24739"}],"wp:term":[{"taxonomy":"brand","embeddable":true,"href":"https:\/\/onlinehardwareshop.de\/index.php\/wp-json\/wp\/v2\/brand?post=24739"},{"taxonomy":"product_brand","embeddable":true,"href":"https:\/\/onlinehardwareshop.de\/index.php\/wp-json\/wp\/v2\/product_brand?post=24739"},{"taxonomy":"product_cat","embeddable":true,"href":"https:\/\/onlinehardwareshop.de\/index.php\/wp-json\/wp\/v2\/product_cat?post=24739"},{"taxonomy":"product_tag","embeddable":true,"href":"https:\/\/onlinehardwareshop.de\/index.php\/wp-json\/wp\/v2\/product_tag?post=24739"}],"curies":[{"name":"wp","href":"https:\/\/api.w.org\/{rel}","templated":true}]}}