{"id":24731,"date":"2024-11-10T19:18:16","date_gmt":"2024-11-10T19:18:16","guid":{"rendered":"https:\/\/onlinehardwareshop.de\/index.php\/produkt\/pocketbook-era-color\/"},"modified":"2025-05-14T15:05:55","modified_gmt":"2025-05-14T15:05:55","slug":"pocketbook-era-color","status":"publish","type":"product","link":"https:\/\/onlinehardwareshop.de\/index.php\/produkt\/pocketbook-era-color\/","title":{"rendered":"PocketBook Era Color"},"content":{"rendered":"<p>Auf dem PocketBook Era Color liest du \u00fcberall deine Lieblingsb\u00fccher und -comics in Farbe. Die Farben von Abbildungen, Fotos und Grafiken stechen lebendig hervor. Diesen kompakten, 7 Zoll gro\u00dfen eBook-Reader nimmst du ganz einfach \u00fcberallhin mit. Das ist praktisch, wenn du zum Beispiel viel im Zug liest. Mit dem wasserbest\u00e4ndigen Era Color liest du auch sicher B\u00fccher im Schwimmbad. \u00dcber SMARTlight stellst du die Helligkeit und die Farbe des Displays ein. So liest du auch drau\u00dfen und abends. H\u00f6rst du dir lieber H\u00f6rb\u00fccher oder Podcasts an? Daf\u00fcr verbindest du deinen eBook-Reader \u00fcber Bluetooth mit kabellosen In-Ear- oder Over-Ear-Kopfh\u00f6rern. Du bedienst den eBook-Reader \u00fcber den Touchscreen oder die Tasten an der Seite. Im Lieferumfang ist kein Ladeger\u00e4t enthalten. Bestelle dir eins dazu, um deinen eBook-Reader sofort an der Steckdose aufzuladen.<\/p>\n","protected":false},"excerpt":{"rendered":"<p>Auf dem PocketBook Era Color liest du \u00fcberall deine Lieblingsb\u00fccher und -comics in Farbe. Die Farben von Abbildungen, Fotos und Grafiken stechen lebendig hervor. Diesen kompakten, 7 Zoll gro\u00dfen eBook-Reader nimmst du ganz einfach \u00fcberallhin mit. Das ist praktisch, wenn du zum Beispiel viel im Zug liest. Mit dem wasserbest\u00e4ndigen Era Color liest du auch sicher B\u00fccher im Schwimmbad. \u00dcber SMARTlight stellst du die Helligkeit und die Farbe des Displays ein. So liest du auch drau\u00dfen und abends. H\u00f6rst du dir lieber H\u00f6rb\u00fccher oder Podcasts an? Daf\u00fcr verbindest du deinen eBook-Reader \u00fcber Bluetooth mit kabellosen In-Ear- oder Over-Ear-Kopfh\u00f6rern. Du bedienst den eBook-Reader \u00fcber den Touchscreen oder die Tasten an der Seite. Im Lieferumfang ist kein Ladeger\u00e4t enthalten. Bestelle dir eins dazu, um deinen eBook-Reader sofort an der Steckdose aufzuladen.<\/p>\n","protected":false},"featured_media":0,"comment_status":"closed","ping_status":"open","template":"","meta":{"_acf_changed":false},"brand":[8955],"product_brand":[],"product_cat":[8609],"product_tag":[8610],"class_list":{"0":"post-24731","1":"product","2":"type-product","3":"status-publish","5":"brand-pocketbook","6":"product_cat-ebook-reader","7":"product_tag-e-readers","8":"pa_condition-new","9":"pa_coolblue-de-verzending-morgen-gratis-geliefert","10":"pa_ean-24246","11":"pa_mpn-pb700k3-1-ww-b","13":"first","14":"instock","15":"product-type-external"},"acf":[],"_links":{"self":[{"href":"https:\/\/onlinehardwareshop.de\/index.php\/wp-json\/wp\/v2\/product\/24731","targetHints":{"allow":["GET"]}}],"collection":[{"href":"https:\/\/onlinehardwareshop.de\/index.php\/wp-json\/wp\/v2\/product"}],"about":[{"href":"https:\/\/onlinehardwareshop.de\/index.php\/wp-json\/wp\/v2\/types\/product"}],"replies":[{"embeddable":true,"href":"https:\/\/onlinehardwareshop.de\/index.php\/wp-json\/wp\/v2\/comments?post=24731"}],"wp:attachment":[{"href":"https:\/\/onlinehardwareshop.de\/index.php\/wp-json\/wp\/v2\/media?parent=24731"}],"wp:term":[{"taxonomy":"brand","embeddable":true,"href":"https:\/\/onlinehardwareshop.de\/index.php\/wp-json\/wp\/v2\/brand?post=24731"},{"taxonomy":"product_brand","embeddable":true,"href":"https:\/\/onlinehardwareshop.de\/index.php\/wp-json\/wp\/v2\/product_brand?post=24731"},{"taxonomy":"product_cat","embeddable":true,"href":"https:\/\/onlinehardwareshop.de\/index.php\/wp-json\/wp\/v2\/product_cat?post=24731"},{"taxonomy":"product_tag","embeddable":true,"href":"https:\/\/onlinehardwareshop.de\/index.php\/wp-json\/wp\/v2\/product_tag?post=24731"}],"curies":[{"name":"wp","href":"https:\/\/api.w.org\/{rel}","templated":true}]}}