{"id":21268,"date":"2024-06-29T18:30:00","date_gmt":"2024-06-29T18:30:00","guid":{"rendered":"https:\/\/onlinehardwareshop.de\/index.php\/produkt\/kingston-fury-beast-rgb-xmp-32gb-2x16gb-ddr5-dimm-cl30-6-000mhz\/"},"modified":"2025-05-14T12:50:23","modified_gmt":"2025-05-14T12:50:23","slug":"kingston-fury-beast-rgb-xmp-32gb-2x16gb-ddr5-dimm-cl30-6-000mhz","status":"publish","type":"product","link":"https:\/\/onlinehardwareshop.de\/index.php\/produkt\/kingston-fury-beast-rgb-xmp-32gb-2x16gb-ddr5-dimm-cl30-6-000mhz\/","title":{"rendered":"Kingston FURY Beast RGB XMP 32GB (2x16GB) DDR5 DIMM CL30 6.000&#xA0;MHz"},"content":{"rendered":"<p>Hinweis: Dieser DDR5 DIMM Speicher ist nur f\u00fcr PCs geeignet, nicht aber f\u00fcr Laptops oder Macs. Der Computer ben\u00f6tigt dazu einen DDR5-Anschluss. \u00dcberpr\u00fcfe dies \u00fcber Windows Taskmanager > Mehr Details > unter dem Reiter &#8222;Leistung&#8220;. Unter &#8222;Speicher&#8220; steht dann DDR5. Ein DDR5-Speichermodul funktioniert nicht mit einem DDR3- oder DDR4-Motherboard. Au\u00dferdem ben\u00f6tigst du mindestens einen Intel Prozessor der 12. Generation oder einen Zen\u00a04 AMD Prozessor.  Verpasse dem Speicher deines PCs mit dem Kingston FURY Beast RGB XMP 32\u00a0GB (2&#215;16\u00a0GB) DDR5 DIMM CL30 6.000\u00a0MHz RAM-Modul ein Upgrade. Dieser RAM ist auf Gaming ausgelegt. Das Modul hat eine Taktfrequenz von 6.000\u00a0MHz und eine CAS-Latenz von 30. Dies sorgt daf\u00fcr, dass der RAM Aufgaben schnell verarbeitet. Dadurch erlebst du fl\u00fcssiges Gameplay. Mithilfe der XMP-3.0-Unterst\u00fctzung passt du die Geschwindigkeit des Moduls zudem selbst an. Die zwei Speichermodule verwendest du im Dual-Channel-Modus, da sie so schneller arbeiten. Mit der RGB-Beleuchtung wertest du au\u00dferdem dein Computergeh\u00e4use auf. So wird dein Gaming-Setup zum echten Hingucker. Das RAM-Modul ist f\u00fcr Windows-Ger\u00e4te geeignet. Der integrierte Heat Spreader sorgt daf\u00fcr, dass das RAM-Modul nicht \u00fcberhitzt. Das macht es zudem langlebiger. Du erh\u00e4ltst lebenslange Garantie auf das Modul.<\/p>\n","protected":false},"excerpt":{"rendered":"<p>Hinweis: Dieser DDR5 DIMM Speicher ist nur f\u00fcr PCs geeignet, nicht aber f\u00fcr Laptops oder Macs. Der Computer ben\u00f6tigt dazu einen DDR5-Anschluss. \u00dcberpr\u00fcfe dies \u00fcber Windows Taskmanager > Mehr Details > unter dem Reiter &#8222;Leistung&#8220;. Unter &#8222;Speicher&#8220; steht dann DDR5. Ein DDR5-Speichermodul funktioniert nicht mit einem DDR3- oder DDR4-Motherboard. Au\u00dferdem ben\u00f6tigst du mindestens einen Intel Prozessor der 12. Generation oder einen Zen\u00a04 AMD Prozessor.  Verpasse dem Speicher deines PCs mit dem Kingston FURY Beast RGB XMP 32\u00a0GB (2&#215;16\u00a0GB) DDR5 DIMM CL30 6.000\u00a0MHz RAM-Modul ein Upgrade. Dieser RAM ist auf Gaming ausgelegt. Das Modul hat eine Taktfrequenz von 6.000\u00a0MHz und eine CAS-Latenz von 30. Dies sorgt daf\u00fcr, dass der RAM Aufgaben schnell verarbeitet. Dadurch erlebst du fl\u00fcssiges Gameplay. Mithilfe der XMP-3.0-Unterst\u00fctzung passt du die Geschwindigkeit des Moduls zudem selbst an. Die zwei Speichermodule verwendest du im Dual-Channel-Modus, da sie so schneller arbeiten. Mit der RGB-Beleuchtung wertest du au\u00dferdem dein Computergeh\u00e4use auf. So wird dein Gaming-Setup zum echten Hingucker. Das RAM-Modul ist f\u00fcr Windows-Ger\u00e4te geeignet. Der integrierte Heat Spreader sorgt daf\u00fcr, dass das RAM-Modul nicht \u00fcberhitzt. Das macht es zudem langlebiger. Du erh\u00e4ltst lebenslange Garantie auf das Modul.<\/p>\n","protected":false},"featured_media":0,"comment_status":"closed","ping_status":"open","template":"","meta":{"_acf_changed":false},"brand":[2956],"product_brand":[],"product_cat":[2796],"product_tag":[2797],"class_list":{"0":"post-21268","1":"product","2":"type-product","3":"status-publish","5":"brand-kingston","6":"product_cat-ram","7":"product_tag-intern-geheugen-voor-desktop","8":"pa_condition-new","9":"pa_coolblue-de-verzending-morgen-gratis-geliefert","10":"pa_ean-21231","11":"pa_mpn-kf560c30bbak2-32","13":"first","14":"instock","15":"product-type-external"},"acf":[],"_links":{"self":[{"href":"https:\/\/onlinehardwareshop.de\/index.php\/wp-json\/wp\/v2\/product\/21268","targetHints":{"allow":["GET"]}}],"collection":[{"href":"https:\/\/onlinehardwareshop.de\/index.php\/wp-json\/wp\/v2\/product"}],"about":[{"href":"https:\/\/onlinehardwareshop.de\/index.php\/wp-json\/wp\/v2\/types\/product"}],"replies":[{"embeddable":true,"href":"https:\/\/onlinehardwareshop.de\/index.php\/wp-json\/wp\/v2\/comments?post=21268"}],"wp:attachment":[{"href":"https:\/\/onlinehardwareshop.de\/index.php\/wp-json\/wp\/v2\/media?parent=21268"}],"wp:term":[{"taxonomy":"brand","embeddable":true,"href":"https:\/\/onlinehardwareshop.de\/index.php\/wp-json\/wp\/v2\/brand?post=21268"},{"taxonomy":"product_brand","embeddable":true,"href":"https:\/\/onlinehardwareshop.de\/index.php\/wp-json\/wp\/v2\/product_brand?post=21268"},{"taxonomy":"product_cat","embeddable":true,"href":"https:\/\/onlinehardwareshop.de\/index.php\/wp-json\/wp\/v2\/product_cat?post=21268"},{"taxonomy":"product_tag","embeddable":true,"href":"https:\/\/onlinehardwareshop.de\/index.php\/wp-json\/wp\/v2\/product_tag?post=21268"}],"curies":[{"name":"wp","href":"https:\/\/api.w.org\/{rel}","templated":true}]}}