{"id":17444,"date":"2024-01-04T23:29:03","date_gmt":"2024-01-04T23:29:03","guid":{"rendered":"https:\/\/onlinehardwareshop.de\/index.php\/produkt\/withings-scanwatch-nova-grn\/"},"modified":"2025-05-14T10:28:27","modified_gmt":"2025-05-14T10:28:27","slug":"withings-scanwatch-nova-grn","status":"publish","type":"product","link":"https:\/\/onlinehardwareshop.de\/index.php\/produkt\/withings-scanwatch-nova-grn\/","title":{"rendered":"Withings ScanWatch Nova Gr&#xFC;n"},"content":{"rendered":"<p>Mit der stilvollen Withings ScanWatch Nova Gr\u00fcn beh\u00e4ltst du neben der Uhrzeit auch deine Gesundheit im Auge. Diese ScanWatch sieht zun\u00e4chst aus wie eine normale Armbanduhr, verf\u00fcgt aber \u00fcber zwei kleine digitale Displays. Hier siehst du beispielsweise deinen Herzschlag und den Schrittz\u00e4hler, aber auch Benachrichtigungen von deinem Smartphone. Deine Sport- und Gesundheitsdaten findest du in der Withings App. Das Armband dieser Smartwatch ist aus Metall, was der Uhr einen hochwertigen, zeitlosen Look verleiht. Dank Edelstahl und Saphirglas ist die Uhr zudem kratzfest. Der Akku der ScanWatch Nova h\u00e4lt bis zu 30 Tage lang, sodass du sie Tag und Nacht nutzt. Da die Uhr wasserdicht ist, tr\u00e4gst du sie auch unter der Dusche oder beim Schwimmen.  Hinweis: Es ist kein Ladeger\u00e4t im Lieferumfang enthalten. M\u00f6chtest du die Uhr an der Steckdose aufladen? Dann verwende das Ladeger\u00e4t deines Smartphones oder bestelle separat ein Ladeger\u00e4t dazu.  Diese Uhr wird f\u00fcr einen Handgelenkumfang von 15 bis 17\u00a0cm empfohlen.<\/p>\n","protected":false},"excerpt":{"rendered":"<p>Mit der stilvollen Withings ScanWatch Nova Gr\u00fcn beh\u00e4ltst du neben der Uhrzeit auch deine Gesundheit im Auge. Diese ScanWatch sieht zun\u00e4chst aus wie eine normale Armbanduhr, verf\u00fcgt aber \u00fcber zwei kleine digitale Displays. Hier siehst du beispielsweise deinen Herzschlag und den Schrittz\u00e4hler, aber auch Benachrichtigungen von deinem Smartphone. Deine Sport- und Gesundheitsdaten findest du in der Withings App. Das Armband dieser Smartwatch ist aus Metall, was der Uhr einen hochwertigen, zeitlosen Look verleiht. Dank Edelstahl und Saphirglas ist die Uhr zudem kratzfest. Der Akku der ScanWatch Nova h\u00e4lt bis zu 30 Tage lang, sodass du sie Tag und Nacht nutzt. Da die Uhr wasserdicht ist, tr\u00e4gst du sie auch unter der Dusche oder beim Schwimmen.  Hinweis: Es ist kein Ladeger\u00e4t im Lieferumfang enthalten. M\u00f6chtest du die Uhr an der Steckdose aufladen? Dann verwende das Ladeger\u00e4t deines Smartphones oder bestelle separat ein Ladeger\u00e4t dazu.  Diese Uhr wird f\u00fcr einen Handgelenkumfang von 15 bis 17\u00a0cm empfohlen.<\/p>\n","protected":false},"featured_media":0,"comment_status":"closed","ping_status":"open","template":"","meta":{"_acf_changed":false},"brand":[5302],"product_brand":[],"product_cat":[6848],"product_tag":[6849],"class_list":{"0":"post-17444","1":"product","2":"type-product","3":"status-publish","5":"brand-withings","6":"product_cat-smartwatches","7":"product_tag-slimme-horloges","8":"pa_condition-new","9":"pa_coolblue-de-verzending-morgen-gratis-geliefert","10":"pa_ean-17715","11":"pa_mpn-hwa10-model-8-all-int","13":"first","14":"instock","15":"product-type-external"},"acf":[],"_links":{"self":[{"href":"https:\/\/onlinehardwareshop.de\/index.php\/wp-json\/wp\/v2\/product\/17444","targetHints":{"allow":["GET"]}}],"collection":[{"href":"https:\/\/onlinehardwareshop.de\/index.php\/wp-json\/wp\/v2\/product"}],"about":[{"href":"https:\/\/onlinehardwareshop.de\/index.php\/wp-json\/wp\/v2\/types\/product"}],"replies":[{"embeddable":true,"href":"https:\/\/onlinehardwareshop.de\/index.php\/wp-json\/wp\/v2\/comments?post=17444"}],"wp:attachment":[{"href":"https:\/\/onlinehardwareshop.de\/index.php\/wp-json\/wp\/v2\/media?parent=17444"}],"wp:term":[{"taxonomy":"brand","embeddable":true,"href":"https:\/\/onlinehardwareshop.de\/index.php\/wp-json\/wp\/v2\/brand?post=17444"},{"taxonomy":"product_brand","embeddable":true,"href":"https:\/\/onlinehardwareshop.de\/index.php\/wp-json\/wp\/v2\/product_brand?post=17444"},{"taxonomy":"product_cat","embeddable":true,"href":"https:\/\/onlinehardwareshop.de\/index.php\/wp-json\/wp\/v2\/product_cat?post=17444"},{"taxonomy":"product_tag","embeddable":true,"href":"https:\/\/onlinehardwareshop.de\/index.php\/wp-json\/wp\/v2\/product_tag?post=17444"}],"curies":[{"name":"wp","href":"https:\/\/api.w.org\/{rel}","templated":true}]}}