{"id":15731,"date":"2025-01-04T22:23:15","date_gmt":"2025-01-04T22:23:15","guid":{"rendered":"https:\/\/onlinehardwareshop.de\/index.php\/produkt\/withings-scanwatch-2-wei-38mm\/"},"modified":"2025-05-14T09:20:32","modified_gmt":"2025-05-14T09:20:32","slug":"withings-scanwatch-2-wei-38mm","status":"publish","type":"product","link":"https:\/\/onlinehardwareshop.de\/index.php\/produkt\/withings-scanwatch-2-wei-38mm\/","title":{"rendered":"Withings Scanwatch 2 Wei&#xDF; 38&#xA0;mm"},"content":{"rendered":"<p>Mit der stilvollen Withings ScanWatch\u00a02 Wei\u00df 38\u00a0mm beh\u00e4ltst du nicht nur die Uhrzeit, sondern auch deine Gesundheit im Blick. Diese Hybriduhr \u00e4hnelt optisch einer normalen Uhr, hat aber ein kleines digitales Display und fortschrittliche Sensoren. Damit misst du beispielsweise Tag und Nacht deine K\u00f6rpertemperatur, sodass du es schnell siehst, wenn die Temperatur abweicht. Das kann bedeuten, dass du krank bist oder wirst und es ruhig angehen lassen solltest. Mit dem Herzfrequenzsensor erstellst du Elektrokardiogramme und entdeckst m\u00f6gliche Herzrhythmusst\u00f6rungen. Die ScanWatch\u00a02 misst deinen Schlaf und bestimmt jeden Morgen einen Schlafqualit\u00e4ts-Index. Da das digitale Display klein ist, siehst du dir ausf\u00fchrlichere Informationen in der Withings App an. Bei voller Akkuladung h\u00e4lt der Akku 30 Tage lang.  Diese Uhr wird f\u00fcr einen Handgelenkumfang von 13 bis 15\u00a0cm empfohlen.<\/p>\n","protected":false},"excerpt":{"rendered":"<p>Mit der stilvollen Withings ScanWatch\u00a02 Wei\u00df 38\u00a0mm beh\u00e4ltst du nicht nur die Uhrzeit, sondern auch deine Gesundheit im Blick. Diese Hybriduhr \u00e4hnelt optisch einer normalen Uhr, hat aber ein kleines digitales Display und fortschrittliche Sensoren. Damit misst du beispielsweise Tag und Nacht deine K\u00f6rpertemperatur, sodass du es schnell siehst, wenn die Temperatur abweicht. Das kann bedeuten, dass du krank bist oder wirst und es ruhig angehen lassen solltest. Mit dem Herzfrequenzsensor erstellst du Elektrokardiogramme und entdeckst m\u00f6gliche Herzrhythmusst\u00f6rungen. Die ScanWatch\u00a02 misst deinen Schlaf und bestimmt jeden Morgen einen Schlafqualit\u00e4ts-Index. Da das digitale Display klein ist, siehst du dir ausf\u00fchrlichere Informationen in der Withings App an. Bei voller Akkuladung h\u00e4lt der Akku 30 Tage lang.  Diese Uhr wird f\u00fcr einen Handgelenkumfang von 13 bis 15\u00a0cm empfohlen.<\/p>\n","protected":false},"featured_media":0,"comment_status":"closed","ping_status":"open","template":"","meta":{"_acf_changed":false},"brand":[5302],"product_brand":[],"product_cat":[6848],"product_tag":[6849],"class_list":{"0":"post-15731","1":"product","2":"type-product","3":"status-publish","5":"brand-withings","6":"product_cat-smartwatches","7":"product_tag-slimme-horloges","8":"pa_condition-new","9":"pa_coolblue-de-verzending-morgen-gratis-geliefert","10":"pa_ean-16142","11":"pa_mpn-hwa10-model-2-all-int","13":"first","14":"instock","15":"product-type-external"},"acf":[],"_links":{"self":[{"href":"https:\/\/onlinehardwareshop.de\/index.php\/wp-json\/wp\/v2\/product\/15731","targetHints":{"allow":["GET"]}}],"collection":[{"href":"https:\/\/onlinehardwareshop.de\/index.php\/wp-json\/wp\/v2\/product"}],"about":[{"href":"https:\/\/onlinehardwareshop.de\/index.php\/wp-json\/wp\/v2\/types\/product"}],"replies":[{"embeddable":true,"href":"https:\/\/onlinehardwareshop.de\/index.php\/wp-json\/wp\/v2\/comments?post=15731"}],"wp:attachment":[{"href":"https:\/\/onlinehardwareshop.de\/index.php\/wp-json\/wp\/v2\/media?parent=15731"}],"wp:term":[{"taxonomy":"brand","embeddable":true,"href":"https:\/\/onlinehardwareshop.de\/index.php\/wp-json\/wp\/v2\/brand?post=15731"},{"taxonomy":"product_brand","embeddable":true,"href":"https:\/\/onlinehardwareshop.de\/index.php\/wp-json\/wp\/v2\/product_brand?post=15731"},{"taxonomy":"product_cat","embeddable":true,"href":"https:\/\/onlinehardwareshop.de\/index.php\/wp-json\/wp\/v2\/product_cat?post=15731"},{"taxonomy":"product_tag","embeddable":true,"href":"https:\/\/onlinehardwareshop.de\/index.php\/wp-json\/wp\/v2\/product_tag?post=15731"}],"curies":[{"name":"wp","href":"https:\/\/api.w.org\/{rel}","templated":true}]}}