{"id":13895,"date":"2024-11-17T21:01:29","date_gmt":"2024-11-17T21:01:29","guid":{"rendered":"https:\/\/onlinehardwareshop.de\/index.php\/produkt\/cadeaubon-75-de-75-d\/"},"modified":"2025-05-14T08:14:41","modified_gmt":"2025-05-14T08:14:41","slug":"cadeaubon-75-de-75-d","status":"publish","type":"product","link":"https:\/\/onlinehardwareshop.de\/index.php\/produkt\/cadeaubon-75-de-75-d\/","title":{"rendered":"Cadeaubon 75 DE-75-D"},"content":{"rendered":"<p>Du bist stolz, weil jemand seinen Abschluss gemacht hat? Feiere es mit einem Coolblue-Geschenkgutschein Abschluss 50 Euro. Damit kann derjenige, der bestanden hat, selbst ein Geschenk aus unserem gesamten Sortiment aussuchen. Von neuen Gadgets und Spielen bis hin zu Sportelektronik. Es ist immer etwas dabei f\u00fcr den Empf\u00e4nger des Geschenkgutscheins.  Wie funktioniert es? Du erh\u00e4ltst den Geschenkgutschein in einer Versandverpackung. Diese \u00f6ffnest du. Der Geschenkgutschein befindet sich darin in einer flachen Schachtel mit Rei\u00dfverschluss. Du \u00fcberreichst den Geschenkgutschein in dieser Schachtel dem Empf\u00e4nger. Wenn der Empf\u00e4nger den Rei\u00dfverschluss der Schachtel \u00f6ffnet, klappt sich die Verpackung auf und verursacht eine Welle des Gl\u00fccks. Der Coolblue-Geschenkgutschein ist f\u00fcnf Jahre nach Rechnungsdatum g\u00fcltig und kann in mehreren K\u00e4ufen ausgegeben werden.<\/p>\n","protected":false},"excerpt":{"rendered":"<p>Du bist stolz, weil jemand seinen Abschluss gemacht hat? Feiere es mit einem Coolblue-Geschenkgutschein Abschluss 50 Euro. Damit kann derjenige, der bestanden hat, selbst ein Geschenk aus unserem gesamten Sortiment aussuchen. Von neuen Gadgets und Spielen bis hin zu Sportelektronik. Es ist immer etwas dabei f\u00fcr den Empf\u00e4nger des Geschenkgutscheins.  Wie funktioniert es? Du erh\u00e4ltst den Geschenkgutschein in einer Versandverpackung. Diese \u00f6ffnest du. Der Geschenkgutschein befindet sich darin in einer flachen Schachtel mit Rei\u00dfverschluss. Du \u00fcberreichst den Geschenkgutschein in dieser Schachtel dem Empf\u00e4nger. Wenn der Empf\u00e4nger den Rei\u00dfverschluss der Schachtel \u00f6ffnet, klappt sich die Verpackung auf und verursacht eine Welle des Gl\u00fccks. Der Coolblue-Geschenkgutschein ist f\u00fcnf Jahre nach Rechnungsdatum g\u00fcltig und kann in mehreren K\u00e4ufen ausgegeben werden.<\/p>\n","protected":false},"featured_media":0,"comment_status":"closed","ping_status":"open","template":"","meta":{"_acf_changed":false},"brand":[9330],"product_brand":[],"product_cat":[11092],"product_tag":[11102],"class_list":{"0":"post-13895","1":"product","2":"type-product","3":"status-publish","5":"brand-coolblue","6":"product_cat-geschenkgutscheine","7":"product_tag-cadeaubonnen","8":"pa_condition-new","9":"pa_coolblue-de-verzending-morgen-gratis-geliefert","10":"pa_ean-cb932601","11":"pa_mpn-de-75-d","13":"first","14":"instock","15":"product-type-external"},"acf":[],"_links":{"self":[{"href":"https:\/\/onlinehardwareshop.de\/index.php\/wp-json\/wp\/v2\/product\/13895","targetHints":{"allow":["GET"]}}],"collection":[{"href":"https:\/\/onlinehardwareshop.de\/index.php\/wp-json\/wp\/v2\/product"}],"about":[{"href":"https:\/\/onlinehardwareshop.de\/index.php\/wp-json\/wp\/v2\/types\/product"}],"replies":[{"embeddable":true,"href":"https:\/\/onlinehardwareshop.de\/index.php\/wp-json\/wp\/v2\/comments?post=13895"}],"wp:attachment":[{"href":"https:\/\/onlinehardwareshop.de\/index.php\/wp-json\/wp\/v2\/media?parent=13895"}],"wp:term":[{"taxonomy":"brand","embeddable":true,"href":"https:\/\/onlinehardwareshop.de\/index.php\/wp-json\/wp\/v2\/brand?post=13895"},{"taxonomy":"product_brand","embeddable":true,"href":"https:\/\/onlinehardwareshop.de\/index.php\/wp-json\/wp\/v2\/product_brand?post=13895"},{"taxonomy":"product_cat","embeddable":true,"href":"https:\/\/onlinehardwareshop.de\/index.php\/wp-json\/wp\/v2\/product_cat?post=13895"},{"taxonomy":"product_tag","embeddable":true,"href":"https:\/\/onlinehardwareshop.de\/index.php\/wp-json\/wp\/v2\/product_tag?post=13895"}],"curies":[{"name":"wp","href":"https:\/\/api.w.org\/{rel}","templated":true}]}}