{"id":13310,"date":"2025-02-09T08:34:49","date_gmt":"2025-02-09T08:34:49","guid":{"rendered":"https:\/\/onlinehardwareshop.de\/index.php\/produkt\/tp-link-tapo-t315-smart-thermometer-und-hygrometer\/"},"modified":"2025-05-14T07:53:19","modified_gmt":"2025-05-14T07:53:19","slug":"tp-link-tapo-t315-smart-thermometer-und-hygrometer","status":"publish","type":"product","link":"https:\/\/onlinehardwareshop.de\/index.php\/produkt\/tp-link-tapo-t315-smart-thermometer-und-hygrometer\/","title":{"rendered":"TP-Link Tapo T315 Smart Thermometer und Hygrometer"},"content":{"rendered":"<p>Der TP-Link Tapo T315 ist ein smartes Thermometer und ein Feuchtigkeitssensor, die du mit anderen Tapo Ger\u00e4ten verbindest. Stelle diesen Sensor in dein Haus, um auf dem deutlichen e-Ink-Display oder in der App zu sehen, wie hoch die Temperatur und die Luftfeuchtigkeit sind. Du stellst die Benachrichtigungen ein, wenn du es zu feucht oder zu warm bzw. zu kalt findest. Au\u00dferdem verbindest du den Tapo Sensor \u00fcber den Tapo Hub mit anderen Ger\u00e4ten wie Smart Plugs. Damit springt beispielsweise deine Heizung an, wenn es zu kalt geworden ist, oder der Ventilator im Schlafzimmer, wenn es zu hei\u00df ist. Du speicherst die Daten des Tapo T315 f\u00fcr zwei Jahre und exportierst sie kostenlos. So beh\u00e4ltst du die Daten deines Hauses im Blick.<\/p>\n","protected":false},"excerpt":{"rendered":"<p>Der TP-Link Tapo T315 ist ein smartes Thermometer und ein Feuchtigkeitssensor, die du mit anderen Tapo Ger\u00e4ten verbindest. Stelle diesen Sensor in dein Haus, um auf dem deutlichen e-Ink-Display oder in der App zu sehen, wie hoch die Temperatur und die Luftfeuchtigkeit sind. Du stellst die Benachrichtigungen ein, wenn du es zu feucht oder zu warm bzw. zu kalt findest. Au\u00dferdem verbindest du den Tapo Sensor \u00fcber den Tapo Hub mit anderen Ger\u00e4ten wie Smart Plugs. Damit springt beispielsweise deine Heizung an, wenn es zu kalt geworden ist, oder der Ventilator im Schlafzimmer, wenn es zu hei\u00df ist. Du speicherst die Daten des Tapo T315 f\u00fcr zwei Jahre und exportierst sie kostenlos. So beh\u00e4ltst du die Daten deines Hauses im Blick.<\/p>\n","protected":false},"featured_media":0,"comment_status":"closed","ping_status":"open","template":"","meta":{"_acf_changed":false},"brand":[724],"product_brand":[],"product_cat":[3076],"product_tag":[3077],"class_list":{"0":"post-13310","1":"product","2":"type-product","3":"status-publish","5":"brand-tp-link","6":"product_cat-luftqualittsmessgerte","7":"product_tag-luchtkwaliteitsmeters","8":"pa_condition-new","9":"pa_coolblue-de-verzending-morgen-gratis-geliefert","10":"pa_ean-13836","11":"pa_mpn-tapo-t315","13":"first","14":"instock","15":"product-type-external"},"acf":[],"_links":{"self":[{"href":"https:\/\/onlinehardwareshop.de\/index.php\/wp-json\/wp\/v2\/product\/13310","targetHints":{"allow":["GET"]}}],"collection":[{"href":"https:\/\/onlinehardwareshop.de\/index.php\/wp-json\/wp\/v2\/product"}],"about":[{"href":"https:\/\/onlinehardwareshop.de\/index.php\/wp-json\/wp\/v2\/types\/product"}],"replies":[{"embeddable":true,"href":"https:\/\/onlinehardwareshop.de\/index.php\/wp-json\/wp\/v2\/comments?post=13310"}],"wp:attachment":[{"href":"https:\/\/onlinehardwareshop.de\/index.php\/wp-json\/wp\/v2\/media?parent=13310"}],"wp:term":[{"taxonomy":"brand","embeddable":true,"href":"https:\/\/onlinehardwareshop.de\/index.php\/wp-json\/wp\/v2\/brand?post=13310"},{"taxonomy":"product_brand","embeddable":true,"href":"https:\/\/onlinehardwareshop.de\/index.php\/wp-json\/wp\/v2\/product_brand?post=13310"},{"taxonomy":"product_cat","embeddable":true,"href":"https:\/\/onlinehardwareshop.de\/index.php\/wp-json\/wp\/v2\/product_cat?post=13310"},{"taxonomy":"product_tag","embeddable":true,"href":"https:\/\/onlinehardwareshop.de\/index.php\/wp-json\/wp\/v2\/product_tag?post=13310"}],"curies":[{"name":"wp","href":"https:\/\/api.w.org\/{rel}","templated":true}]}}