{"id":13309,"date":"2024-05-07T09:25:24","date_gmt":"2024-05-07T09:25:24","guid":{"rendered":"https:\/\/onlinehardwareshop.de\/index.php\/produkt\/tp-link-tapo-t310-smart-temperatur-und-feuchtigkeitssensor\/"},"modified":"2025-05-14T07:53:19","modified_gmt":"2025-05-14T07:53:19","slug":"tp-link-tapo-t310-smart-temperatur-und-feuchtigkeitssensor","status":"publish","type":"product","link":"https:\/\/onlinehardwareshop.de\/index.php\/produkt\/tp-link-tapo-t310-smart-temperatur-und-feuchtigkeitssensor\/","title":{"rendered":"TP-Link Tapo T310 Smart Temperatur- und Feuchtigkeitssensor"},"content":{"rendered":"<p>TP-Link Tapo T310 ist ein smarter Temperatur- und Feuchtigkeitssensor. Du kannst Tapo mit anderen Tapo-Ger\u00e4ten verbinden. Stelle diesen Sensor in dein Haus, um in der App sehen zu k\u00f6nnen, wie hoch die Temperatur und die Luftfeuchtigkeit sind. Du stellst die Benachrichtigungen ein, wenn du es zu feucht oder zu warm bzw. zu kalt findest. Au\u00dferdem verbindest du den Tapo-Sensor \u00fcber den Tapo-Hub mit anderen Ger\u00e4ten wie Smart Plugs. Damit springt beispielsweise deine Heizung an, wenn es zu kalt geworden ist, oder der Ventilator im Schlafzimmer, wenn es zu hei\u00df ist. Du speicherst die Daten des Tapo T310 f\u00fcr zwei Jahre und kannst sie gratis exportieren. So beh\u00e4ltst du die Daten deines Hauses im Blick.<\/p>\n","protected":false},"excerpt":{"rendered":"<p>TP-Link Tapo T310 ist ein smarter Temperatur- und Feuchtigkeitssensor. Du kannst Tapo mit anderen Tapo-Ger\u00e4ten verbinden. Stelle diesen Sensor in dein Haus, um in der App sehen zu k\u00f6nnen, wie hoch die Temperatur und die Luftfeuchtigkeit sind. Du stellst die Benachrichtigungen ein, wenn du es zu feucht oder zu warm bzw. zu kalt findest. Au\u00dferdem verbindest du den Tapo-Sensor \u00fcber den Tapo-Hub mit anderen Ger\u00e4ten wie Smart Plugs. Damit springt beispielsweise deine Heizung an, wenn es zu kalt geworden ist, oder der Ventilator im Schlafzimmer, wenn es zu hei\u00df ist. Du speicherst die Daten des Tapo T310 f\u00fcr zwei Jahre und kannst sie gratis exportieren. So beh\u00e4ltst du die Daten deines Hauses im Blick.<\/p>\n","protected":false},"featured_media":0,"comment_status":"closed","ping_status":"open","template":"","meta":{"_acf_changed":false},"brand":[724],"product_brand":[],"product_cat":[3076],"product_tag":[3077],"class_list":{"0":"post-13309","1":"product","2":"type-product","3":"status-publish","5":"brand-tp-link","6":"product_cat-luftqualittsmessgerte","7":"product_tag-luchtkwaliteitsmeters","8":"pa_condition-new","9":"pa_coolblue-de-verzending-morgen-gratis-geliefert","10":"pa_ean-13834","11":"pa_mpn-tapo-t310","13":"first","14":"instock","15":"product-type-external"},"acf":[],"_links":{"self":[{"href":"https:\/\/onlinehardwareshop.de\/index.php\/wp-json\/wp\/v2\/product\/13309","targetHints":{"allow":["GET"]}}],"collection":[{"href":"https:\/\/onlinehardwareshop.de\/index.php\/wp-json\/wp\/v2\/product"}],"about":[{"href":"https:\/\/onlinehardwareshop.de\/index.php\/wp-json\/wp\/v2\/types\/product"}],"replies":[{"embeddable":true,"href":"https:\/\/onlinehardwareshop.de\/index.php\/wp-json\/wp\/v2\/comments?post=13309"}],"wp:attachment":[{"href":"https:\/\/onlinehardwareshop.de\/index.php\/wp-json\/wp\/v2\/media?parent=13309"}],"wp:term":[{"taxonomy":"brand","embeddable":true,"href":"https:\/\/onlinehardwareshop.de\/index.php\/wp-json\/wp\/v2\/brand?post=13309"},{"taxonomy":"product_brand","embeddable":true,"href":"https:\/\/onlinehardwareshop.de\/index.php\/wp-json\/wp\/v2\/product_brand?post=13309"},{"taxonomy":"product_cat","embeddable":true,"href":"https:\/\/onlinehardwareshop.de\/index.php\/wp-json\/wp\/v2\/product_cat?post=13309"},{"taxonomy":"product_tag","embeddable":true,"href":"https:\/\/onlinehardwareshop.de\/index.php\/wp-json\/wp\/v2\/product_tag?post=13309"}],"curies":[{"name":"wp","href":"https:\/\/api.w.org\/{rel}","templated":true}]}}