{"id":10355,"date":"2025-05-06T01:11:27","date_gmt":"2025-05-06T01:11:27","guid":{"rendered":"https:\/\/onlinehardwareshop.de\/index.php\/produkt\/geschenkgutschein-neues-zuhause-50-euro\/"},"modified":"2025-05-14T06:01:30","modified_gmt":"2025-05-14T06:01:30","slug":"geschenkgutschein-neues-zuhause-50-euro","status":"publish","type":"product","link":"https:\/\/onlinehardwareshop.de\/index.php\/produkt\/geschenkgutschein-neues-zuhause-50-euro\/","title":{"rendered":"Geschenkgutschein Neues Zuhause 50 Euro"},"content":{"rendered":"<p>Bist du auf der Suche nach einem Geschenk f\u00fcr eine Einzugsparty? Dann \u00fcberrasche jemanden mit einem Geschenkgutschein Neues Zuhause 50 Euro. Damit kann sich der Empf\u00e4nger selbst etwas aus unserem gesamten Sortiment aussuchen. Von K\u00fcchenger\u00e4ten bis hin zu guten Lautsprechern, mit denen man seinen Lieblingsfilm oder seine Lieblingsserie noch intensiver erlebt. Es ist f\u00fcr jeden etwas dabei.   Wie funktioniert es? Du erh\u00e4ltst den Geschenkgutschein in einer Versandverpackung. Diese \u00f6ffnest du. Der Geschenkgutschein befindet sich darin in einer flachen Schachtel mit Rei\u00dfverschluss. Du \u00fcberreichst den Geschenkgutschein in dieser Schachtel dem Empf\u00e4nger. Wenn der Empf\u00e4nger den Rei\u00dfverschluss der Schachtel \u00f6ffnet, klappt sich die Verpackung auf und verursacht eine Welle des Gl\u00fccks. Der Coolblue-Geschenkgutschein ist f\u00fcnf Jahre nach Rechnungsdatum g\u00fcltig und kann in mehreren K\u00e4ufen ausgegeben werden.<\/p>\n","protected":false},"excerpt":{"rendered":"<p>Bist du auf der Suche nach einem Geschenk f\u00fcr eine Einzugsparty? Dann \u00fcberrasche jemanden mit einem Geschenkgutschein Neues Zuhause 50 Euro. Damit kann sich der Empf\u00e4nger selbst etwas aus unserem gesamten Sortiment aussuchen. Von K\u00fcchenger\u00e4ten bis hin zu guten Lautsprechern, mit denen man seinen Lieblingsfilm oder seine Lieblingsserie noch intensiver erlebt. Es ist f\u00fcr jeden etwas dabei.   Wie funktioniert es? Du erh\u00e4ltst den Geschenkgutschein in einer Versandverpackung. Diese \u00f6ffnest du. Der Geschenkgutschein befindet sich darin in einer flachen Schachtel mit Rei\u00dfverschluss. Du \u00fcberreichst den Geschenkgutschein in dieser Schachtel dem Empf\u00e4nger. Wenn der Empf\u00e4nger den Rei\u00dfverschluss der Schachtel \u00f6ffnet, klappt sich die Verpackung auf und verursacht eine Welle des Gl\u00fccks. Der Coolblue-Geschenkgutschein ist f\u00fcnf Jahre nach Rechnungsdatum g\u00fcltig und kann in mehreren K\u00e4ufen ausgegeben werden.<\/p>\n","protected":false},"featured_media":0,"comment_status":"closed","ping_status":"open","template":"","meta":{"_acf_changed":false},"brand":[9330],"product_brand":[],"product_cat":[11092],"product_tag":[11093],"class_list":{"0":"post-10355","1":"product","2":"type-product","3":"status-publish","5":"brand-coolblue","6":"product_cat-geschenkgutscheine","7":"product_tag-vouchers","8":"pa_condition-new","9":"pa_coolblue-de-verzending-morgen-gratis-geliefert","10":"pa_ean-cb913074","11":"pa_mpn-de-50-e","13":"first","14":"instock","15":"product-type-external"},"acf":[],"_links":{"self":[{"href":"https:\/\/onlinehardwareshop.de\/index.php\/wp-json\/wp\/v2\/product\/10355","targetHints":{"allow":["GET"]}}],"collection":[{"href":"https:\/\/onlinehardwareshop.de\/index.php\/wp-json\/wp\/v2\/product"}],"about":[{"href":"https:\/\/onlinehardwareshop.de\/index.php\/wp-json\/wp\/v2\/types\/product"}],"replies":[{"embeddable":true,"href":"https:\/\/onlinehardwareshop.de\/index.php\/wp-json\/wp\/v2\/comments?post=10355"}],"wp:attachment":[{"href":"https:\/\/onlinehardwareshop.de\/index.php\/wp-json\/wp\/v2\/media?parent=10355"}],"wp:term":[{"taxonomy":"brand","embeddable":true,"href":"https:\/\/onlinehardwareshop.de\/index.php\/wp-json\/wp\/v2\/brand?post=10355"},{"taxonomy":"product_brand","embeddable":true,"href":"https:\/\/onlinehardwareshop.de\/index.php\/wp-json\/wp\/v2\/product_brand?post=10355"},{"taxonomy":"product_cat","embeddable":true,"href":"https:\/\/onlinehardwareshop.de\/index.php\/wp-json\/wp\/v2\/product_cat?post=10355"},{"taxonomy":"product_tag","embeddable":true,"href":"https:\/\/onlinehardwareshop.de\/index.php\/wp-json\/wp\/v2\/product_tag?post=10355"}],"curies":[{"name":"wp","href":"https:\/\/api.w.org\/{rel}","templated":true}]}}