{"id":10342,"date":"2025-04-02T22:16:29","date_gmt":"2025-04-02T22:16:29","guid":{"rendered":"https:\/\/onlinehardwareshop.de\/index.php\/produkt\/geschenkgutschein-100-euro\/"},"modified":"2025-05-14T06:01:18","modified_gmt":"2025-05-14T06:01:18","slug":"geschenkgutschein-100-euro","status":"publish","type":"product","link":"https:\/\/onlinehardwareshop.de\/index.php\/produkt\/geschenkgutschein-100-euro\/","title":{"rendered":"Geschenkgutschein 100 Euro"},"content":{"rendered":"<p>Suchst du ein Geburtstagsgeschenk oder einfach eine kleine \u00dcberraschung? Du bist dir nur nicht sicher, was du kaufen solltest? Dann ist der Coolblue-Geschenkgutschein im Wert von 100\u00a0Euro eine tolle Geschenkidee f\u00fcr dich. Damit kann der Empf\u00e4nger aus den Tausenden von Produkten in unserem Webshop ausw\u00e4hlen. Von K\u00fcchen- und Gartenger\u00e4ten bis hin zu Gadgets und Computerprodukten. F\u00fcr den Empf\u00e4nger des Geschenkgutscheins ist immer etwas dabei.    Wie funktioniert es? Du erh\u00e4ltst den Geschenkgutschein in einer Versandverpackung. Diese \u00f6ffnest du. Der Geschenkgutschein befindet sich darin in einer flachen Schachtel mit Rei\u00dfverschluss. Du \u00fcberreichst den Geschenkgutschein in dieser Schachtel dem Empf\u00e4nger. Sobald der Empf\u00e4nger den Rei\u00dfverschluss \u00f6ffnet, schnappt die Verpackung auf und verursacht eine Welle des Gl\u00fccks. Der Coolblue-Geschenkgutschein ist f\u00fcnf Jahre nach Rechnungsdatum g\u00fcltig und kann in mehreren K\u00e4ufen ausgegeben werden.<\/p>\n","protected":false},"excerpt":{"rendered":"<p>Suchst du ein Geburtstagsgeschenk oder einfach eine kleine \u00dcberraschung? Du bist dir nur nicht sicher, was du kaufen solltest? Dann ist der Coolblue-Geschenkgutschein im Wert von 100\u00a0Euro eine tolle Geschenkidee f\u00fcr dich. Damit kann der Empf\u00e4nger aus den Tausenden von Produkten in unserem Webshop ausw\u00e4hlen. Von K\u00fcchen- und Gartenger\u00e4ten bis hin zu Gadgets und Computerprodukten. F\u00fcr den Empf\u00e4nger des Geschenkgutscheins ist immer etwas dabei.    Wie funktioniert es? Du erh\u00e4ltst den Geschenkgutschein in einer Versandverpackung. Diese \u00f6ffnest du. Der Geschenkgutschein befindet sich darin in einer flachen Schachtel mit Rei\u00dfverschluss. Du \u00fcberreichst den Geschenkgutschein in dieser Schachtel dem Empf\u00e4nger. Sobald der Empf\u00e4nger den Rei\u00dfverschluss \u00f6ffnet, schnappt die Verpackung auf und verursacht eine Welle des Gl\u00fccks. Der Coolblue-Geschenkgutschein ist f\u00fcnf Jahre nach Rechnungsdatum g\u00fcltig und kann in mehreren K\u00e4ufen ausgegeben werden.<\/p>\n","protected":false},"featured_media":0,"comment_status":"closed","ping_status":"open","template":"","meta":{"_acf_changed":false},"brand":[9330],"product_brand":[],"product_cat":[11092],"product_tag":[11093],"class_list":{"0":"post-10342","1":"product","2":"type-product","3":"status-publish","5":"brand-coolblue","6":"product_cat-geschenkgutscheine","7":"product_tag-vouchers","8":"pa_condition-new","9":"pa_coolblue-de-verzending-morgen-gratis-geliefert","10":"pa_ean-cb913059","11":"pa_mpn-de-100-a","13":"first","14":"instock","15":"product-type-external"},"acf":[],"_links":{"self":[{"href":"https:\/\/onlinehardwareshop.de\/index.php\/wp-json\/wp\/v2\/product\/10342","targetHints":{"allow":["GET"]}}],"collection":[{"href":"https:\/\/onlinehardwareshop.de\/index.php\/wp-json\/wp\/v2\/product"}],"about":[{"href":"https:\/\/onlinehardwareshop.de\/index.php\/wp-json\/wp\/v2\/types\/product"}],"replies":[{"embeddable":true,"href":"https:\/\/onlinehardwareshop.de\/index.php\/wp-json\/wp\/v2\/comments?post=10342"}],"wp:attachment":[{"href":"https:\/\/onlinehardwareshop.de\/index.php\/wp-json\/wp\/v2\/media?parent=10342"}],"wp:term":[{"taxonomy":"brand","embeddable":true,"href":"https:\/\/onlinehardwareshop.de\/index.php\/wp-json\/wp\/v2\/brand?post=10342"},{"taxonomy":"product_brand","embeddable":true,"href":"https:\/\/onlinehardwareshop.de\/index.php\/wp-json\/wp\/v2\/product_brand?post=10342"},{"taxonomy":"product_cat","embeddable":true,"href":"https:\/\/onlinehardwareshop.de\/index.php\/wp-json\/wp\/v2\/product_cat?post=10342"},{"taxonomy":"product_tag","embeddable":true,"href":"https:\/\/onlinehardwareshop.de\/index.php\/wp-json\/wp\/v2\/product_tag?post=10342"}],"curies":[{"name":"wp","href":"https:\/\/api.w.org\/{rel}","templated":true}]}}